{"id":80,"date":"2012-11-26T10:31:47","date_gmt":"2012-11-26T10:31:47","guid":{"rendered":"http:\/\/www.pinewoodlabels.com\/newsite\/?page_id=80"},"modified":"2019-06-06T10:04:57","modified_gmt":"2019-06-06T10:04:57","slug":"electric-semi-automatic-label-dispensers","status":"publish","type":"page","link":"https:\/\/www.pinewoodlabels.com\/fr\/electric-semi-automatic-label-dispensers\/","title":{"rendered":"Distributeurs Automatiques D&rsquo;etiquettes Semi-automatiques &#8211; Maintenant disponible avec un compteur en option lorsqu&rsquo;il est \u00e9quip\u00e9 d&rsquo;un capteur optique"},"content":{"rendered":"<p><\/p>\n<p>La solution simple et \u00e9conomique au probl\u00e8me de distribution d&rsquo;\u00e9tiquettes. Une gamme de distributeurs d&rsquo;\u00e9tiquettes semi-automatiques, robustes, n\u00e9cessitant un minimum de maintenance et couverts par une garantie compl\u00e8te contre tout d\u00e9faut de fabrication.<\/p>\n<p>Tous les distributeurs d&rsquo;\u00e9tiquettes Dispensa-Matic sont fournis soit avec un d\u00e9tecteur optique soit avec un micro-commutateur. Veuillez le pr\u00e9ciser au moment de passer commande.<\/p>\n<p><\/p>","protected":false},"excerpt":{"rendered":"<p>La solution simple et \u00e9conomique au probl\u00e8me de distribution d&rsquo;\u00e9tiquettes. Une gamme de distributeurs d&rsquo;\u00e9tiquettes semi-automatiques, robustes, n\u00e9cessitant un minimum de maintenance et couverts par une garantie compl\u00e8te contre tout d\u00e9faut de fabrication. Tous les distributeurs d&rsquo;\u00e9tiquettes Dispensa-Matic sont fournis soit avec un d\u00e9tecteur optique soit avec un micro-commutateur. Veuillez le pr\u00e9ciser au moment de [&hellip;]<\/p>\n","protected":false},"author":2,"featured_media":0,"parent":0,"menu_order":0,"comment_status":"closed","ping_status":"closed","template":"page-machine.php","meta":{"footnotes":""},"class_list":["post-80","page","type-page","status-publish","hentry"],"aioseo_notices":[],"_links":{"self":[{"href":"https:\/\/www.pinewoodlabels.com\/fr\/wp-json\/wp\/v2\/pages\/80","targetHints":{"allow":["GET"]}}],"collection":[{"href":"https:\/\/www.pinewoodlabels.com\/fr\/wp-json\/wp\/v2\/pages"}],"about":[{"href":"https:\/\/www.pinewoodlabels.com\/fr\/wp-json\/wp\/v2\/types\/page"}],"author":[{"embeddable":true,"href":"https:\/\/www.pinewoodlabels.com\/fr\/wp-json\/wp\/v2\/users\/2"}],"replies":[{"embeddable":true,"href":"https:\/\/www.pinewoodlabels.com\/fr\/wp-json\/wp\/v2\/comments?post=80"}],"version-history":[{"count":11,"href":"https:\/\/www.pinewoodlabels.com\/fr\/wp-json\/wp\/v2\/pages\/80\/revisions"}],"predecessor-version":[{"id":577,"href":"https:\/\/www.pinewoodlabels.com\/fr\/wp-json\/wp\/v2\/pages\/80\/revisions\/577"}],"wp:attachment":[{"href":"https:\/\/www.pinewoodlabels.com\/fr\/wp-json\/wp\/v2\/media?parent=80"}],"curies":[{"name":"wp","href":"https:\/\/api.w.org\/{rel}","templated":true}]}}