{"id":8,"date":"2012-11-24T15:53:05","date_gmt":"2012-11-24T15:53:05","guid":{"rendered":"http:\/\/www.pinewoodlabels.com\/newsite\/?page_id=8"},"modified":"2019-01-09T11:50:34","modified_gmt":"2019-01-09T11:50:34","slug":"about-us","status":"publish","type":"page","link":"https:\/\/www.pinewoodlabels.com\/fr\/about-us\/","title":{"rendered":"\u00c0 Propos de Nous"},"content":{"rendered":"<p><\/p>\n<p>Nos distributeurs et applicateurs d&rsquo;\u00e9tiquettes offrent une alternative \u00e9conomique et beaucoup plus rapide aux t\u00e2ches de d\u00e9collage et de positionnement manuels des \u00e9tiquettes et sont con\u00e7us pour accommoder un tr\u00e8s large \u00e9ventail de formats et de mat\u00e9riaux.<\/p>\n<p>Nos enrouleuses et d\u00e9rouleuses \u00e9lectriques ainsi que nos compteuses d&rsquo;\u00e9tiquettes sont compatibles avec toutes les imprimantes thermiques directes et thermo transfert.<\/p>\n<p>Les machines sont de construction fiable et robuste et con\u00e7ues pour op\u00e9rer pendant de nombreuses ann\u00e9es avec un minimum de maintenance.<\/p>\n<p>Toutes les machines sont g\u00e9n\u00e9ralement disponibles en stock et peuvent \u00eatre exp\u00e9di\u00e9es sans d\u00e9lai.<\/p>\n<p>Nous fournissons ces machines partout dans le monde depuis plus 40 ans et sommes convaincus que nous offrons l&rsquo;une des gammes les plus compl\u00e8tes et les plus \u00e9conomiques sur le march\u00e9.<\/p>\n<p>Nous sommes continuellement \u00e0 la recherche de distributeurs \u00e0 travers l&rsquo;Europe, c&rsquo;est pourquoi n&rsquo;h\u00e9sitez pas \u00e0 nous contacter si vous souhaitez ajouter nos machines \u00e0 votre gamme de produits.<\/p>\n<p>Veuillez prendre le temps de visiter notre site pour conna\u00eetre les sp\u00e9cifications de toutes nos machines de s\u00e9rie et si vous avez des exigences sp\u00e9cifiques, n&rsquo;h\u00e9sitez pas \u00e0 nous contacter. Nous nous ferons un plaisir de discuter de vos besoins et de formuler avec vous la solution la plus avantageuse.<\/p>\n<p><\/p>","protected":false},"excerpt":{"rendered":"<p>Nos distributeurs et applicateurs d&rsquo;\u00e9tiquettes offrent une alternative \u00e9conomique et beaucoup plus rapide aux t\u00e2ches de d\u00e9collage et de positionnement manuels des \u00e9tiquettes et sont con\u00e7us pour accommoder un tr\u00e8s large \u00e9ventail de formats et de mat\u00e9riaux. Nos enrouleuses et d\u00e9rouleuses \u00e9lectriques ainsi que nos compteuses d&rsquo;\u00e9tiquettes sont compatibles avec toutes les imprimantes thermiques directes [&hellip;]<\/p>\n","protected":false},"author":2,"featured_media":0,"parent":0,"menu_order":0,"comment_status":"closed","ping_status":"open","template":"","meta":{"footnotes":""},"class_list":["post-8","page","type-page","status-publish","hentry"],"aioseo_notices":[],"_links":{"self":[{"href":"https:\/\/www.pinewoodlabels.com\/fr\/wp-json\/wp\/v2\/pages\/8","targetHints":{"allow":["GET"]}}],"collection":[{"href":"https:\/\/www.pinewoodlabels.com\/fr\/wp-json\/wp\/v2\/pages"}],"about":[{"href":"https:\/\/www.pinewoodlabels.com\/fr\/wp-json\/wp\/v2\/types\/page"}],"author":[{"embeddable":true,"href":"https:\/\/www.pinewoodlabels.com\/fr\/wp-json\/wp\/v2\/users\/2"}],"replies":[{"embeddable":true,"href":"https:\/\/www.pinewoodlabels.com\/fr\/wp-json\/wp\/v2\/comments?post=8"}],"version-history":[{"count":12,"href":"https:\/\/www.pinewoodlabels.com\/fr\/wp-json\/wp\/v2\/pages\/8\/revisions"}],"predecessor-version":[{"id":571,"href":"https:\/\/www.pinewoodlabels.com\/fr\/wp-json\/wp\/v2\/pages\/8\/revisions\/571"}],"wp:attachment":[{"href":"https:\/\/www.pinewoodlabels.com\/fr\/wp-json\/wp\/v2\/media?parent=8"}],"curies":[{"name":"wp","href":"https:\/\/api.w.org\/{rel}","templated":true}]}}