{"id":5,"date":"2012-11-24T10:53:13","date_gmt":"2012-11-24T10:53:13","guid":{"rendered":"http:\/\/www.pinewoodlabels.com\/newsite\/?page_id=5"},"modified":"2019-06-06T14:23:07","modified_gmt":"2019-06-06T14:23:07","slug":"home","status":"publish","type":"page","link":"https:\/\/www.pinewoodlabels.com\/fr\/","title":{"rendered":"Bienvenue sur le site Web de Pinewood Label Systems"},"content":{"rendered":"<p><\/p>\n<p>Un site d\u00e9di\u00e9 \u00e0 la pr\u00e9sentation de nos gammes de:<\/p>\n<table border=\"0\">\n<tbody>\n<tr class=\"HomeTableContent\">\n<td class=\"HomeTableContent\">\n<ul>\n<li><a title=\"Distributeurs et d'applicateurs d'\u00e9tiquettes portables\" href=\"http:\/\/www.pinewoodlabels.com\/fr\/electric-semi-automatic-label-dispensers\/\">Distributeurs et d&rsquo;applicateurs d&rsquo;\u00e9tiquettes portables<\/a><\/li>\n<\/ul>\n<\/td>\n<td class=\"HomeTableContent\">\n<ul>\n<li><a title=\"Distributeurs d'\u00e9tiquettes portatif\" href=\"http:\/\/www.pinewoodlabels.com\/fr\/hand-held-applicators\/\">Distributeurs d&rsquo;\u00e9tiquettes portatifs<\/a><\/li>\n<\/ul>\n<\/td>\n<td class=\"HomeTableContent\">\n<ul>\n<li><a title=\"Distributeurs d'\u00e9tiquettes manuel\" href=\"http:\/\/www.pinewoodlabels.com\/fr\/manual-label-dispensers\/\">Distributeurs d&rsquo;\u00e9tiquettes manuels<\/a><\/li>\n<\/ul>\n<\/td>\n<td class=\"HomeTableContent\">\n<ul>\n<li><a title=\"Applicateur d'\u00e9tiquettes pour bouteilles\" href=\"http:\/\/www.pinewoodlabels.com\/fr\/bottle-label-applicators\/\">Applicateur d&rsquo;\u00e9tiquettes pour bouteilles<\/a><\/li>\n<\/ul>\n<\/td>\n<\/tr>\n<tr class=\"HomeTableContent\">\n<td class=\"HomeTableContent\">\n<ul>\n<li><a title=\"Distributeurs d'\u00e9tiquettes Dispensa-matic\" href=\"http:\/\/www.pinewoodlabels.com\/fr\/electric-semi-automatic-label-applicators\/\">Applicateurs d\u2019\u00e9tiquettes semi-automatiques \u00e9lectriques<\/a><\/li>\n<\/ul>\n<\/td>\n<td class=\"HomeTableContent\">\n<ul>\n<li><a title=\"Enrouleuses \u00e9lectriques\" href=\"http:\/\/www.pinewoodlabels.com\/fr\/rewinders-unwinders-counters\/\">Enrouleuses \u00e9lectriques<\/a><\/li>\n<\/ul>\n<\/td>\n<td class=\"HomeTableContent\">\n<ul>\n<li><a title=\"D\u00e9rouleuses \u00e9lectriques\" href=\"http:\/\/www.pinewoodlabels.com\/fr\/rewinders-unwinders-counters\/\">D\u00e9rouleuses \u00e9lectriques<\/a><\/li>\n<\/ul>\n<\/td>\n<td class=\"HomeTableContent\">\n<ul>\n<li><a title=\"Compteuse d'\u00e9tiquettes\" href=\"http:\/\/www.pinewoodlabels.com\/fr\/rewinders-unwinders-counters\/\">Compteuse d&rsquo;\u00e9tiquettes<\/a><\/li>\n<\/ul>\n<\/td>\n<\/tr>\n<\/tbody>\n<\/table>\n<p>Nos distributeurs et applicateurs d&rsquo;\u00e9tiquettes offrent une alternative \u00e9conomique et beaucoup plus rapide aux t\u00e2ches de d\u00e9collage et de positionnement manuels des \u00e9tiquettes et sont con\u00e7us pour accommoder un tr\u00e8s large \u00e9ventail de formats et de mat\u00e9riaux.<\/p>\n<p>Nos enrouleuses et d\u00e9rouleuses \u00e9lectriques ainsi que nos compteuses d&rsquo;\u00e9tiquettes sont compatibles avec toutes les imprimantes thermiques directes et thermo transfert.<\/p>\n<p>Les machines sont de construction fiable et robuste et con\u00e7ues pour op\u00e9rer pendant de nombreuses ann\u00e9es avec un minimum de maintenance.<\/p>\n<p>Toutes les machines sont g\u00e9n\u00e9ralement disponibles en stock et peuvent \u00eatre exp\u00e9di\u00e9es sans d\u00e9lai.<\/p>\n<p><\/p>","protected":false},"excerpt":{"rendered":"<p>Un site d\u00e9di\u00e9 \u00e0 la pr\u00e9sentation de nos gammes de: Distributeurs et d&rsquo;applicateurs d&rsquo;\u00e9tiquettes portables Distributeurs d&rsquo;\u00e9tiquettes portatifs Distributeurs d&rsquo;\u00e9tiquettes manuels Applicateur d&rsquo;\u00e9tiquettes pour bouteilles Applicateurs d\u2019\u00e9tiquettes semi-automatiques \u00e9lectriques Enrouleuses \u00e9lectriques D\u00e9rouleuses \u00e9lectriques Compteuse d&rsquo;\u00e9tiquettes Nos distributeurs et applicateurs d&rsquo;\u00e9tiquettes offrent une alternative \u00e9conomique et beaucoup plus rapide aux t\u00e2ches de d\u00e9collage et de positionnement [&hellip;]<\/p>\n","protected":false},"author":2,"featured_media":0,"parent":0,"menu_order":0,"comment_status":"closed","ping_status":"open","template":"page_home.php","meta":{"footnotes":""},"class_list":["post-5","page","type-page","status-publish","hentry"],"aioseo_notices":[],"_links":{"self":[{"href":"https:\/\/www.pinewoodlabels.com\/fr\/wp-json\/wp\/v2\/pages\/5","targetHints":{"allow":["GET"]}}],"collection":[{"href":"https:\/\/www.pinewoodlabels.com\/fr\/wp-json\/wp\/v2\/pages"}],"about":[{"href":"https:\/\/www.pinewoodlabels.com\/fr\/wp-json\/wp\/v2\/types\/page"}],"author":[{"embeddable":true,"href":"https:\/\/www.pinewoodlabels.com\/fr\/wp-json\/wp\/v2\/users\/2"}],"replies":[{"embeddable":true,"href":"https:\/\/www.pinewoodlabels.com\/fr\/wp-json\/wp\/v2\/comments?post=5"}],"version-history":[{"count":98,"href":"https:\/\/www.pinewoodlabels.com\/fr\/wp-json\/wp\/v2\/pages\/5\/revisions"}],"predecessor-version":[{"id":594,"href":"https:\/\/www.pinewoodlabels.com\/fr\/wp-json\/wp\/v2\/pages\/5\/revisions\/594"}],"wp:attachment":[{"href":"https:\/\/www.pinewoodlabels.com\/fr\/wp-json\/wp\/v2\/media?parent=5"}],"curies":[{"name":"wp","href":"https:\/\/api.w.org\/{rel}","templated":true}]}}