{"id":80,"date":"2012-11-26T10:31:47","date_gmt":"2012-11-26T10:31:47","guid":{"rendered":"http:\/\/www.pinewoodlabels.com\/newsite\/?page_id=80"},"modified":"2019-06-06T10:04:57","modified_gmt":"2019-06-06T10:04:57","slug":"electric-semi-automatic-label-dispensers","status":"publish","type":"page","link":"https:\/\/www.pinewoodlabels.com\/es\/electric-semi-automatic-label-dispensers\/","title":{"rendered":"Dispensadores De Etiquetas Semiautom\u00e1ticos El\u00e9ctricos &#8211; Ahora disponible con un contador como una opci\u00f3n cuando est\u00e1 equipado con un sensor \u00f3ptico"},"content":{"rendered":"<p><\/p>\n<p>Una soluci\u00f3n sencilla y econ\u00f3mica para dispensar etiquetas. Se trata de una gama de dispensadores de etiquetas semiautom\u00e1ticos que son s\u00f3lidos, requieren un mantenimiento m\u00ednimo y est\u00e1n cubiertos por una garant\u00eda completa contra defectos de fabricaci\u00f3n.<\/p>\n<p>Todos los aplicadores de etiquetas Dispensa-Matic tambi\u00e9n pueden incorporar un sensor \u00f3ptico o un peque\u00f1o interruptor, s\u00f3lo tiene que solicitarlo cuando realice su pedido.<\/p>\n<p><\/p>","protected":false},"excerpt":{"rendered":"<p>Una soluci\u00f3n sencilla y econ\u00f3mica para dispensar etiquetas. Se trata de una gama de dispensadores de etiquetas semiautom\u00e1ticos que son s\u00f3lidos, requieren un mantenimiento m\u00ednimo y est\u00e1n cubiertos por una garant\u00eda completa contra defectos de fabricaci\u00f3n. Todos los aplicadores de etiquetas Dispensa-Matic tambi\u00e9n pueden incorporar un sensor \u00f3ptico o un peque\u00f1o interruptor, s\u00f3lo tiene que [&hellip;]<\/p>\n","protected":false},"author":2,"featured_media":0,"parent":0,"menu_order":0,"comment_status":"closed","ping_status":"closed","template":"page-machine.php","meta":{"footnotes":""},"class_list":["post-80","page","type-page","status-publish","hentry"],"aioseo_notices":[],"_links":{"self":[{"href":"https:\/\/www.pinewoodlabels.com\/es\/wp-json\/wp\/v2\/pages\/80","targetHints":{"allow":["GET"]}}],"collection":[{"href":"https:\/\/www.pinewoodlabels.com\/es\/wp-json\/wp\/v2\/pages"}],"about":[{"href":"https:\/\/www.pinewoodlabels.com\/es\/wp-json\/wp\/v2\/types\/page"}],"author":[{"embeddable":true,"href":"https:\/\/www.pinewoodlabels.com\/es\/wp-json\/wp\/v2\/users\/2"}],"replies":[{"embeddable":true,"href":"https:\/\/www.pinewoodlabels.com\/es\/wp-json\/wp\/v2\/comments?post=80"}],"version-history":[{"count":11,"href":"https:\/\/www.pinewoodlabels.com\/es\/wp-json\/wp\/v2\/pages\/80\/revisions"}],"predecessor-version":[{"id":577,"href":"https:\/\/www.pinewoodlabels.com\/es\/wp-json\/wp\/v2\/pages\/80\/revisions\/577"}],"wp:attachment":[{"href":"https:\/\/www.pinewoodlabels.com\/es\/wp-json\/wp\/v2\/media?parent=80"}],"curies":[{"name":"wp","href":"https:\/\/api.w.org\/{rel}","templated":true}]}}