{"id":8,"date":"2012-11-24T15:53:05","date_gmt":"2012-11-24T15:53:05","guid":{"rendered":"http:\/\/www.pinewoodlabels.com\/newsite\/?page_id=8"},"modified":"2019-01-09T11:50:34","modified_gmt":"2019-01-09T11:50:34","slug":"about-us","status":"publish","type":"page","link":"https:\/\/www.pinewoodlabels.com\/es\/about-us\/","title":{"rendered":"\u00bfQui\u00e9nes somos?"},"content":{"rendered":"<p>Nuestros dispensadores y aplicadores de etiquetas le proporcionar\u00e1n una alternativa econ\u00f3mica y m\u00e1s r\u00e1pida a la colocaci\u00f3n manual de etiquetas y, adem\u00e1s, son capaces de dispensar y aplicar numerosos formatos y materiales.<\/p>\n<p>Nuestra gama de rebobinadores, desbobinadores y contadores de etiquetas son f\u00e1ciles de usar y compatibles con todas las impresoras t\u00e9rmicas.<\/p>\n<p>Las m\u00e1quinas cuentan con una construcci\u00f3n s\u00f3lida y resistente y pueden durar muchos a\u00f1os con un mantenimiento m\u00ednimo.<\/p>\n<p>Por lo general, todas las m\u00e1quinas est\u00e1n disponibles para su entrega inmediata.<\/p>\n<p>Llevamos m\u00e1s de 40 a\u00f1os suministrando estas m\u00e1quinas por todo el mundo y creemos que contamos con una de las gamas m\u00e1s completas y econ\u00f3micas que se pueden encontrar en el mercado.<\/p>\n<p>Nuestro inter\u00e9s en localizar distribuidores en toda Europa es constante. Puede ponerse en contacto con nosotros si est\u00e1 interesado en a\u00f1adir nuestras m\u00e1quinas a su propia gama de productos.<\/p>\n<p>Navegue por nuestra p\u00e1gina para obtener m\u00e1s informaci\u00f3n sobre nuestras m\u00e1quinas est\u00e1ndar y, si desea alguna aplicaci\u00f3n especial, puede ponerse en contacto con nosotros. Estaremos encantados de hablar de sus requisitos y procuraremos encontrar la mejor soluci\u00f3n para usted.<\/p>","protected":false},"excerpt":{"rendered":"<p>Nuestros dispensadores y aplicadores de etiquetas le proporcionar\u00e1n una alternativa econ\u00f3mica y m\u00e1s r\u00e1pida a la colocaci\u00f3n manual de etiquetas y, adem\u00e1s, son capaces de dispensar y aplicar numerosos formatos y materiales. Nuestra gama de rebobinadores, desbobinadores y contadores de etiquetas son f\u00e1ciles de usar y compatibles con todas las impresoras t\u00e9rmicas. Las m\u00e1quinas cuentan [&hellip;]<\/p>\n","protected":false},"author":2,"featured_media":0,"parent":0,"menu_order":0,"comment_status":"closed","ping_status":"open","template":"","meta":{"footnotes":""},"class_list":["post-8","page","type-page","status-publish","hentry"],"aioseo_notices":[],"_links":{"self":[{"href":"https:\/\/www.pinewoodlabels.com\/es\/wp-json\/wp\/v2\/pages\/8","targetHints":{"allow":["GET"]}}],"collection":[{"href":"https:\/\/www.pinewoodlabels.com\/es\/wp-json\/wp\/v2\/pages"}],"about":[{"href":"https:\/\/www.pinewoodlabels.com\/es\/wp-json\/wp\/v2\/types\/page"}],"author":[{"embeddable":true,"href":"https:\/\/www.pinewoodlabels.com\/es\/wp-json\/wp\/v2\/users\/2"}],"replies":[{"embeddable":true,"href":"https:\/\/www.pinewoodlabels.com\/es\/wp-json\/wp\/v2\/comments?post=8"}],"version-history":[{"count":12,"href":"https:\/\/www.pinewoodlabels.com\/es\/wp-json\/wp\/v2\/pages\/8\/revisions"}],"predecessor-version":[{"id":571,"href":"https:\/\/www.pinewoodlabels.com\/es\/wp-json\/wp\/v2\/pages\/8\/revisions\/571"}],"wp:attachment":[{"href":"https:\/\/www.pinewoodlabels.com\/es\/wp-json\/wp\/v2\/media?parent=8"}],"curies":[{"name":"wp","href":"https:\/\/api.w.org\/{rel}","templated":true}]}}