{"id":578,"date":"2019-06-06T09:52:12","date_gmt":"2019-06-06T09:52:12","guid":{"rendered":"http:\/\/www.pinewoodlabels.com\/?page_id=578"},"modified":"2019-06-06T10:12:55","modified_gmt":"2019-06-06T10:12:55","slug":"electric-semi-automatic-label-applicators","status":"publish","type":"page","link":"https:\/\/www.pinewoodlabels.com\/es\/electric-semi-automatic-label-applicators\/","title":{"rendered":"Aplicadores de etiquetas semiautom\u00e1ticos el\u00e9ctricos"},"content":{"rendered":"<p><br \/>\n<br \/>\nLa soluci\u00f3n simple y econ\u00f3mica para la aplicaci\u00f3n de etiquetas. Una gama de aplicadores de etiquetas semiautom\u00e1ticos, que son robustos, requieren un mantenimiento m\u00ednimo y est\u00e1n cubiertos por una garant\u00eda total contra defectos de fabricaci\u00f3n.<br \/>\n<\/p>","protected":false},"excerpt":{"rendered":"<p>La soluci\u00f3n simple y econ\u00f3mica para la aplicaci\u00f3n de etiquetas. Una gama de aplicadores de etiquetas semiautom\u00e1ticos, que son robustos, requieren un mantenimiento m\u00ednimo y est\u00e1n cubiertos por una garant\u00eda total contra defectos de fabricaci\u00f3n.<\/p>\n","protected":false},"author":2,"featured_media":0,"parent":0,"menu_order":0,"comment_status":"closed","ping_status":"closed","template":"page-machine.php","meta":{"footnotes":""},"class_list":["post-578","page","type-page","status-publish","hentry"],"aioseo_notices":[],"_links":{"self":[{"href":"https:\/\/www.pinewoodlabels.com\/es\/wp-json\/wp\/v2\/pages\/578","targetHints":{"allow":["GET"]}}],"collection":[{"href":"https:\/\/www.pinewoodlabels.com\/es\/wp-json\/wp\/v2\/pages"}],"about":[{"href":"https:\/\/www.pinewoodlabels.com\/es\/wp-json\/wp\/v2\/types\/page"}],"author":[{"embeddable":true,"href":"https:\/\/www.pinewoodlabels.com\/es\/wp-json\/wp\/v2\/users\/2"}],"replies":[{"embeddable":true,"href":"https:\/\/www.pinewoodlabels.com\/es\/wp-json\/wp\/v2\/comments?post=578"}],"version-history":[{"count":2,"href":"https:\/\/www.pinewoodlabels.com\/es\/wp-json\/wp\/v2\/pages\/578\/revisions"}],"predecessor-version":[{"id":584,"href":"https:\/\/www.pinewoodlabels.com\/es\/wp-json\/wp\/v2\/pages\/578\/revisions\/584"}],"wp:attachment":[{"href":"https:\/\/www.pinewoodlabels.com\/es\/wp-json\/wp\/v2\/media?parent=578"}],"curies":[{"name":"wp","href":"https:\/\/api.w.org\/{rel}","templated":true}]}}