{"id":8,"date":"2012-11-24T15:53:05","date_gmt":"2012-11-24T15:53:05","guid":{"rendered":"http:\/\/www.pinewoodlabels.com\/newsite\/?page_id=8"},"modified":"2019-01-09T11:50:34","modified_gmt":"2019-01-09T11:50:34","slug":"about-us","status":"publish","type":"page","link":"https:\/\/www.pinewoodlabels.com\/de\/about-us\/","title":{"rendered":"\u00dcber Uns"},"content":{"rendered":"<p><\/p>\n<p>Unsere Ger\u00e4te lassen sich f\u00fcr viele Formate und Materialien einsetzen und ihre robuste Bauweise gew\u00e4hrleistet jahrelang zuverl\u00e4ssigen Betrieb bei minimaler Wartung.<\/p>\n<p>Das gesamte Programm unserer Etiketten-Aufwickel-, -Abwickel- und -Z\u00e4hl-Ger\u00e4te ist ausgesprochen anwenderfreundlich und mit allen Thermodirekt- sowie Thermotransferdruckern kompatibel.<\/p>\n<p>In der Regel sind alle Modelle ab Lager verf\u00fcgbar und sofort versandbereit.<\/p>\n<p>Wir liefern seit mehr als 40 Jahren weltweit und geh\u00f6ren zweifellos zu den Anbietern mit dem umfassendsten und g\u00fcnstigsten Produkt-Portfolio auf diesem Markt.<\/p>\n<p>Gleichzeitig suchen wir st\u00e4ndig nach neuen Vertriebspartnern in ganz Europa. Sie sind daran interessiert, unsere Ger\u00e4te in Ihr Verkaufsprogramm aufzunehmen? Nehmen Sie bitte Kontakt mit uns auf &#8211; wir freuen wir uns \u00fcber Ihre Nachricht.<\/p>\n<p>Auf unserer Website finden Sie Einzelheiten zu den Standardausf\u00fchrungen unserer Ger\u00e4te; falls Sie ein Ger\u00e4t f\u00fcr eine spezielle Anwendung suchen, lassen Sie es uns einfach wissen &#8211; wir gehen gerne auf Ihre individuellen Anforderungen ein, um gemeinsam mit Ihnen die f\u00fcr Sie beste L\u00f6sung zu finden.<\/p>\n<p><\/p>","protected":false},"excerpt":{"rendered":"<p>Unsere Ger\u00e4te lassen sich f\u00fcr viele Formate und Materialien einsetzen und ihre robuste Bauweise gew\u00e4hrleistet jahrelang zuverl\u00e4ssigen Betrieb bei minimaler Wartung. Das gesamte Programm unserer Etiketten-Aufwickel-, -Abwickel- und -Z\u00e4hl-Ger\u00e4te ist ausgesprochen anwenderfreundlich und mit allen Thermodirekt- sowie Thermotransferdruckern kompatibel. In der Regel sind alle Modelle ab Lager verf\u00fcgbar und sofort versandbereit. Wir liefern seit mehr [&hellip;]<\/p>\n","protected":false},"author":2,"featured_media":0,"parent":0,"menu_order":0,"comment_status":"closed","ping_status":"open","template":"","meta":{"footnotes":""},"class_list":["post-8","page","type-page","status-publish","hentry"],"aioseo_notices":[],"_links":{"self":[{"href":"https:\/\/www.pinewoodlabels.com\/de\/wp-json\/wp\/v2\/pages\/8","targetHints":{"allow":["GET"]}}],"collection":[{"href":"https:\/\/www.pinewoodlabels.com\/de\/wp-json\/wp\/v2\/pages"}],"about":[{"href":"https:\/\/www.pinewoodlabels.com\/de\/wp-json\/wp\/v2\/types\/page"}],"author":[{"embeddable":true,"href":"https:\/\/www.pinewoodlabels.com\/de\/wp-json\/wp\/v2\/users\/2"}],"replies":[{"embeddable":true,"href":"https:\/\/www.pinewoodlabels.com\/de\/wp-json\/wp\/v2\/comments?post=8"}],"version-history":[{"count":12,"href":"https:\/\/www.pinewoodlabels.com\/de\/wp-json\/wp\/v2\/pages\/8\/revisions"}],"predecessor-version":[{"id":571,"href":"https:\/\/www.pinewoodlabels.com\/de\/wp-json\/wp\/v2\/pages\/8\/revisions\/571"}],"wp:attachment":[{"href":"https:\/\/www.pinewoodlabels.com\/de\/wp-json\/wp\/v2\/media?parent=8"}],"curies":[{"name":"wp","href":"https:\/\/api.w.org\/{rel}","templated":true}]}}