{"id":578,"date":"2019-06-06T09:52:12","date_gmt":"2019-06-06T09:52:12","guid":{"rendered":"http:\/\/www.pinewoodlabels.com\/?page_id=578"},"modified":"2019-06-06T10:12:55","modified_gmt":"2019-06-06T10:12:55","slug":"electric-semi-automatic-label-applicators","status":"publish","type":"page","link":"https:\/\/www.pinewoodlabels.com\/de\/electric-semi-automatic-label-applicators\/","title":{"rendered":"Elektrische halbautomatische Etikettenapplikatoren"},"content":{"rendered":"<p><br \/>\nDie einfache und kosteng\u00fcnstige L\u00f6sung f\u00fcr die Etikettierung. Eine Reihe von halbautomatischen Etikettenapplikatoren, die robust sind, nur minimale Wartung erfordern und von einer umfassenden Garantie gegen Herstellungsfehler abgedeckt sind.<br \/>\n<br \/>\n<\/p>","protected":false},"excerpt":{"rendered":"<p>Die einfache und kosteng\u00fcnstige L\u00f6sung f\u00fcr die Etikettierung. Eine Reihe von halbautomatischen Etikettenapplikatoren, die robust sind, nur minimale Wartung erfordern und von einer umfassenden Garantie gegen Herstellungsfehler abgedeckt sind.<\/p>\n","protected":false},"author":2,"featured_media":0,"parent":0,"menu_order":0,"comment_status":"closed","ping_status":"closed","template":"page-machine.php","meta":{"footnotes":""},"class_list":["post-578","page","type-page","status-publish","hentry"],"aioseo_notices":[],"_links":{"self":[{"href":"https:\/\/www.pinewoodlabels.com\/de\/wp-json\/wp\/v2\/pages\/578","targetHints":{"allow":["GET"]}}],"collection":[{"href":"https:\/\/www.pinewoodlabels.com\/de\/wp-json\/wp\/v2\/pages"}],"about":[{"href":"https:\/\/www.pinewoodlabels.com\/de\/wp-json\/wp\/v2\/types\/page"}],"author":[{"embeddable":true,"href":"https:\/\/www.pinewoodlabels.com\/de\/wp-json\/wp\/v2\/users\/2"}],"replies":[{"embeddable":true,"href":"https:\/\/www.pinewoodlabels.com\/de\/wp-json\/wp\/v2\/comments?post=578"}],"version-history":[{"count":2,"href":"https:\/\/www.pinewoodlabels.com\/de\/wp-json\/wp\/v2\/pages\/578\/revisions"}],"predecessor-version":[{"id":584,"href":"https:\/\/www.pinewoodlabels.com\/de\/wp-json\/wp\/v2\/pages\/578\/revisions\/584"}],"wp:attachment":[{"href":"https:\/\/www.pinewoodlabels.com\/de\/wp-json\/wp\/v2\/media?parent=578"}],"curies":[{"name":"wp","href":"https:\/\/api.w.org\/{rel}","templated":true}]}}