{"id":49,"date":"2012-11-25T16:14:46","date_gmt":"2012-11-25T16:14:46","guid":{"rendered":"http:\/\/www.pinewoodlabels.com\/newsite\/?page_id=49"},"modified":"2026-01-06T14:45:40","modified_gmt":"2026-01-06T14:45:40","slug":"contact-us","status":"publish","type":"page","link":"https:\/\/www.pinewoodlabels.com\/de\/contact-us\/","title":{"rendered":"Kontakt"},"content":{"rendered":"<p><\/p>\n<table border=\"0\" align=\"left\">\n<tbody>\n<tr>\n<td style=\"width: 300px;\">Pinewood Label Systems Ltd<br \/>\nImage Court<br \/>\n326 Molesey Road<br \/>\nWalton-on Thames<br \/>\nSurrey<br \/>\nKT12 3PD<\/td>\n<td><\/td>\n<td>Tel: +44 (0) 1932 243724<br \/>\nEmail: <a title=\"Contact Pinewood\" href=\"mailto:sales@pinewoodlabels.com?subject=Enquiry from web site\">sales@pinewoodlabels.com<\/a><br \/>\nRegistered in England no: 1468976<br \/>\nUst-Identifikationsnummer:: GB 335 5458 47<\/td>\n<\/tr>\n<tr>\n<td><\/td>\n<td><\/td>\n<td><\/td>\n<\/tr>\n<\/tbody>\n<\/table>\n<div class=\"clear\"><\/div>\n<p>F\u00fcr n\u00e4here Informationen bitten wir Sie, das nachstehende Formular auszuf\u00fcllen &#8211; wir lassen Ihnen dann gerne detaillierte Angaben und Preise zukommen.<\/p>\n<p>\n<div class=\"wpcf7 no-js\" id=\"wpcf7-f64-o2\" lang=\"en-US\" dir=\"ltr\" data-wpcf7-id=\"64\">\n<div class=\"screen-reader-response\"><p role=\"status\" aria-live=\"polite\" aria-atomic=\"true\"><\/p> <ul><\/ul><\/div>\n<form action=\"\/de\/wp-json\/wp\/v2\/pages\/49#wpcf7-f64-o2\" method=\"post\" class=\"wpcf7-form init\" aria-label=\"Contact form\" novalidate=\"novalidate\" data-status=\"init\">\n<fieldset class=\"hidden-fields-container\"><input type=\"hidden\" name=\"_wpcf7\" value=\"64\" \/><input type=\"hidden\" name=\"_wpcf7_version\" value=\"6.1.5\" \/><input type=\"hidden\" name=\"_wpcf7_locale\" value=\"en_US\" \/><input type=\"hidden\" name=\"_wpcf7_unit_tag\" value=\"wpcf7-f64-o2\" \/><input type=\"hidden\" name=\"_wpcf7_container_post\" value=\"0\" \/><input type=\"hidden\" name=\"_wpcf7_posted_data_hash\" value=\"\" \/>\n<\/fieldset>\n<table class=\"contactTable\">\n\t<tr>\n\t\t<td >\n\t\t\t<p>Name:\n\t\t\t<\/p>\n\t\t<\/td>\n\t\t<td>\n\t\t\t<p><span class=\"wpcf7-form-control-wrap\" data-name=\"Name\"><input size=\"40\" maxlength=\"400\" class=\"wpcf7-form-control wpcf7-text\" aria-invalid=\"false\" value=\"\" type=\"text\" name=\"Name\" \/><\/span>\n\t\t\t<\/p>\n\t\t<\/td>\n\t\t<td >\n\t\t\t<p>Firma:\n\t\t\t<\/p>\n\t\t<\/td>\n\t\t<td>\n\t\t\t<p><span class=\"wpcf7-form-control-wrap\" data-name=\"CompanyName\"><input size=\"40\" maxlength=\"400\" class=\"wpcf7-form-control wpcf7-text\" aria-invalid=\"false\" value=\"\" type=\"text\" name=\"CompanyName\" \/><\/span>\n\t\t\t<\/p>\n\t\t<\/td>\n\t<\/tr>\n\t<tr>\n\t\t<td >\n\t\t\t<p>Adresse:\n\t\t\t<\/p>\n\t\t<\/td>\n\t\t<td rowspan=\"3\">\n\t\t\t<p><span class=\"wpcf7-form-control-wrap\" data-name=\"Address\"><textarea cols=\"40\" rows=\"6\" maxlength=\"2000\" class=\"wpcf7-form-control wpcf7-textarea\" aria-invalid=\"false\" name=\"Address\"><\/textarea><\/span>\n\t\t\t<\/p>\n\t\t<\/td>\n\t\t<td >\n\t\t\t<p>Telefon:\n\t\t\t<\/p>\n\t\t<\/td>\n\t\t<td>\n\t\t\t<p><span class=\"wpcf7-form-control-wrap\" data-name=\"Phone\"><input size=\"40\" maxlength=\"400\" class=\"wpcf7-form-control wpcf7-text\" aria-invalid=\"false\" value=\"\" type=\"text\" name=\"Phone\" \/><\/span>\n\t\t\t<\/p>\n\t\t<\/td>\n\t<\/tr>\n\t<tr>\n\t\t<td >\n\t\t\t<p>&nbsp;\n\t\t\t<\/p>\n\t\t<\/td>\n\t\t<td >\n\t\t\t<p>Fax Number:\n\t\t\t<\/p>\n\t\t<\/td>\n\t\t<td>\n\t\t\t<p><span class=\"wpcf7-form-control-wrap\" data-name=\"Fax\"><input size=\"40\" maxlength=\"400\" class=\"wpcf7-form-control wpcf7-text\" aria-invalid=\"false\" value=\"\" type=\"text\" name=\"Fax\" \/><\/span>\n\t\t\t<\/p>\n\t\t<\/td>\n\t<\/tr>\n\t<tr>\n\t\t<td >\n\t\t\t<p>&nbsp;\n\t\t\t<\/p>\n\t\t<\/td>\n\t\t<td >\n\t\t\t<p>Email:\n\t\t\t<\/p>\n\t\t<\/td>\n\t\t<td>\n\t\t\t<p><span class=\"wpcf7-form-control-wrap\" data-name=\"email\"><input size=\"40\" maxlength=\"400\" class=\"wpcf7-form-control wpcf7-email wpcf7-text wpcf7-validates-as-email\" aria-invalid=\"false\" value=\"\" type=\"email\" name=\"email\" \/><\/span>\n\t\t\t<\/p>\n\t\t<\/td>\n\t<\/tr>\n\t<tr>\n\t\t<td >\n\t\t\t<p>Postleitzahl:\n\t\t\t<\/p>\n\t\t<\/td>\n\t\t<td>\n\t\t\t<p><span class=\"wpcf7-form-control-wrap\" data-name=\"Postcode\"><input size=\"40\" maxlength=\"400\" class=\"wpcf7-form-control wpcf7-text\" aria-invalid=\"false\" value=\"\" type=\"text\" name=\"Postcode\" \/><\/span>\n\t\t\t<\/p>\n\t\t<\/td>\n\t\t<td >\n\t\t\t<p>Wie sind Sie auf unsere Website aufmerksam geworden?:\n\t\t\t<\/p>\n\t\t<\/td>\n\t\t<td>\n\t\t\t<p><span class=\"wpcf7-form-control-wrap\" data-name=\"WhereHeardAboutUs\"><select class=\"wpcf7-form-control wpcf7-select\" aria-invalid=\"false\" name=\"WhereHeardAboutUs\"><option value=\"Bitte w\u00e4hlen Sie aus\">Bitte w\u00e4hlen Sie aus<\/option><option value=\"durch unsere Werbematerialien\">durch unsere Werbematerialien<\/option><option value=\"durch einen Link auf einer anderen Website\">durch einen Link auf einer anderen Website<\/option><option value=\"Google\">Google<\/option><option value=\"Mundpropaganda\">Mundpropaganda<\/option><option value=\"Yahoo\">Yahoo<\/option><option value=\"auf andere Weise\">auf andere Weise<\/option><\/select><\/span>\n\t\t\t<\/p>\n\t\t<\/td>\n\t<\/tr>\n\t<tr>\n\t\t<td >\n\t\t\t<p>Land:\n\t\t\t<\/p>\n\t\t<\/td>\n\t\t<td>\n\t\t\t<p><span class=\"wpcf7-form-control-wrap\" data-name=\"Country\"><input size=\"40\" maxlength=\"400\" class=\"wpcf7-form-control wpcf7-text\" aria-invalid=\"false\" value=\"\" type=\"text\" name=\"Country\" \/><\/span>\n\t\t\t<\/p>\n\t\t<\/td>\n\t\t<td >\n\t\t\t<p>&nbsp;\n\t\t\t<\/p>\n\t\t<\/td>\n\t\t<td>\n\t\t\t<p>&nbsp;\n\t\t\t<\/p>\n\t\t<\/td>\n\t<\/tr>\n\t<tr>\n\t\t<td  colspan=\"2\" valign=\"top\">\n\t\t\t<p>Bitte geben Sie hier Ihre Nachricht ein\n\t\t\t<\/p>\n\t\t<\/td>\n\t\t<td colspan=\"2\">\n\t\t\t<p><span class=\"wpcf7-form-control-wrap\" data-name=\"Comments\"><textarea cols=\"50\" rows=\"5\" maxlength=\"2000\" class=\"wpcf7-form-control wpcf7-textarea\" aria-invalid=\"false\" name=\"Comments\"><\/textarea><\/span><br \/>\n<span class=\"wpcf7-form-control-wrap g-recaptcha-response\"><span class=\"wpcf7-form-control\">  <\/span><\/span>\n\t\t\t<\/p>\n\t\t<\/td>\n\t<\/tr>\n\t<tr>\n\t\t<td  colspan=\"4\" align=\"center\">\n\t\t\t<p><input class=\"wpcf7-form-control wpcf7-submit has-spinner\" type=\"submit\" value=\"Senden\" \/>\n\t\t\t<\/p>\n\t\t<\/td>\n\t<\/tr>\n<\/table><div class=\"wpcf7-response-output\" aria-hidden=\"true\"><\/div>\n<\/form>\n<\/div>\n<\/p>","protected":false},"excerpt":{"rendered":"<p>Pinewood Label Systems Ltd Image Court 326 Molesey Road Walton-on Thames Surrey KT12 3PD Tel: +44 (0) 1932 243724 Email: sales@pinewoodlabels.com Registered in England no: 1468976 Ust-Identifikationsnummer:: GB 335 5458 47 F\u00fcr n\u00e4here Informationen bitten wir Sie, das nachstehende Formular auszuf\u00fcllen &#8211; wir lassen Ihnen dann gerne detaillierte Angaben und Preise zukommen.<\/p>\n","protected":false},"author":2,"featured_media":0,"parent":0,"menu_order":0,"comment_status":"closed","ping_status":"open","template":"","meta":{"footnotes":""},"class_list":["post-49","page","type-page","status-publish","hentry"],"aioseo_notices":[],"_links":{"self":[{"href":"https:\/\/www.pinewoodlabels.com\/de\/wp-json\/wp\/v2\/pages\/49","targetHints":{"allow":["GET"]}}],"collection":[{"href":"https:\/\/www.pinewoodlabels.com\/de\/wp-json\/wp\/v2\/pages"}],"about":[{"href":"https:\/\/www.pinewoodlabels.com\/de\/wp-json\/wp\/v2\/types\/page"}],"author":[{"embeddable":true,"href":"https:\/\/www.pinewoodlabels.com\/de\/wp-json\/wp\/v2\/users\/2"}],"replies":[{"embeddable":true,"href":"https:\/\/www.pinewoodlabels.com\/de\/wp-json\/wp\/v2\/comments?post=49"}],"version-history":[{"count":26,"href":"https:\/\/www.pinewoodlabels.com\/de\/wp-json\/wp\/v2\/pages\/49\/revisions"}],"predecessor-version":[{"id":676,"href":"https:\/\/www.pinewoodlabels.com\/de\/wp-json\/wp\/v2\/pages\/49\/revisions\/676"}],"wp:attachment":[{"href":"https:\/\/www.pinewoodlabels.com\/de\/wp-json\/wp\/v2\/media?parent=49"}],"curies":[{"name":"wp","href":"https:\/\/api.w.org\/{rel}","templated":true}]}}